{"id":15057,"date":"2020-08-20T12:50:58","date_gmt":"2020-08-20T12:50:58","guid":{"rendered":"https:\/\/patrimonium.pt\/palaciosantos\/?page_id=15057"},"modified":"2021-11-10T20:55:10","modified_gmt":"2021-11-10T20:55:10","slug":"visitar","status":"publish","type":"page","link":"https:\/\/patrimonium.pt\/palaciosantos\/visitar\/","title":{"rendered":"Visitar"},"content":{"rendered":"<div id=\"cmsmasters_row_nvo3nvnvdv\" class=\"cmsmasters_row cmsmasters_color_scheme_default cmsmasters_row_top_default cmsmasters_row_bot_default cmsmasters_row_boxed\">\n<div class=\"cmsmasters_row_outer_parent\">\n<div class=\"cmsmasters_row_outer\">\n<div class=\"cmsmasters_row_inner\">\n<div class=\"cmsmasters_row_margin\">\n<div id=\"cmsmasters_column_msc6tuqxr7\" class=\"cmsmasters_column one_first\">\n<div class=\"cmsmasters_column_inner\"><\/div><\/div>\n<\/div>\n<\/div>\n<\/div>\n<\/div>\n<\/div>\n<div id=\"cmsmasters_row_vqlyvwyale\" class=\"cmsmasters_row cmsmasters_color_scheme_default cmsmasters_row_top_default cmsmasters_row_bot_default cmsmasters_row_boxed\">\n<div class=\"cmsmasters_row_outer_parent\">\n<div class=\"cmsmasters_row_outer\">\n<div class=\"cmsmasters_row_inner\">\n<div class=\"cmsmasters_row_margin\">\n<div id=\"cmsmasters_column_gcy1eks2em\" class=\"cmsmasters_column one_first\">\n<div class=\"cmsmasters_column_inner\"><div class=\"cmsmasters_text\">\n<p>As visitas ao Pal\u00e1cio de Santos &#8211; Embaixada de Fran\u00e7a em Portugal realizam-se 4 dias por m\u00eas nos seguintes moldes:<\/p>\n<p>&nbsp;<\/p>\n<p><strong>Visitas em Franc\u00eas:<\/strong><br \/>\nDatas dispon\u00edveis na bilheteira on-line<\/p>\n<p><strong>Visitas em Portugu\u00eas:<\/strong><br \/>\nDatas dispon\u00edveis na bilheteira on-line<\/p>\n<p>&nbsp;<\/p>\n<ul>\n<li><strong>Todos os visitantes dever\u00e3o apresentar-se <span style=\"color: #ff0000;\">20 minutos<\/span> antes do in\u00edcio da visita de forma a facilitar os processos de seguran\u00e7a.<\/strong><\/li>\n<\/ul>\n<ul>\n<li><strong>No acto da compra do bilhete o visitante dever\u00e1 fornecer os seus dados de identifica\u00e7\u00e3o que ser\u00e3o fornecidos \u00e0 Embaixada antes de cada visita;<\/strong><\/li>\n<\/ul>\n<ul>\n<li><strong>Os bilhetes s\u00f3 podem ser adquiridos no site oficial da empresa organizadora das visitas: patrimonium.pt. S\u00e3o pessoais e intransmiss\u00edveis.<\/strong><\/li>\n<\/ul>\n<ul>\n<li><strong>\u00c0 entrada ser\u00e1 obrigat\u00f3rio a apresenta\u00e7\u00e3o de cart\u00e3o de identidade ou passaporte dentro do prazo de validade (fotocopia de documento de identifica\u00e7\u00e3o ou carta de condu\u00e7\u00e3o n\u00e3o ser\u00e3o aceites);<\/strong><\/li>\n<\/ul>\n<ul>\n<li><strong>Obrigat\u00f3ria a passagem pelo detector de metais. Todas as malas e sacos dever\u00e3o passar pelo sistema de seguran\u00e7a.<\/strong><\/li>\n<\/ul>\n<\/div>\n<\/div><\/div>\n<\/div>\n<\/div>\n<\/div>\n<\/div>\n<\/div>\n<div id=\"cmsmasters_row_wb5coigrs2\" class=\"cmsmasters_row cmsmasters_color_scheme_default cmsmasters_row_top_default cmsmasters_row_bot_default cmsmasters_row_boxed\">\n<div class=\"cmsmasters_row_outer_parent\">\n<div class=\"cmsmasters_row_outer\">\n<div class=\"cmsmasters_row_inner\">\n<div class=\"cmsmasters_row_margin\">\n<div id=\"cmsmasters_column_7yj7su8p0f\" class=\"cmsmasters_column one_first\">\n<div class=\"cmsmasters_column_inner\"><div id=\"cmsmasters_button_s7iflypwrm\" class=\"button_wrap\"><a href=\"https:\/\/patrimonium.pt\/palaciosantos\/normas-gerais-de-visita\/\" class=\"cmsmasters_button\"><span>Normas de Visita<\/span><\/a><\/div>\n<div id=\"cmsmasters_button_de2mjvv3o\" class=\"button_wrap\"><a href=\"https:\/\/patrimonium.admira.b6.pt\" class=\"cmsmasters_button\" target=\"_blank\"><span>Bilhetes<\/span><\/a><\/div>\n<\/div><\/div>\n<\/div>\n<\/div>\n<\/div>\n<\/div>\n<\/div>\n\n","protected":false},"excerpt":{"rendered":"","protected":false},"author":1,"featured_media":0,"parent":0,"menu_order":0,"comment_status":"closed","ping_status":"closed","template":"","meta":[],"yoast_head":"<!-- This site is optimized with the Yoast SEO plugin v17.2 - https:\/\/yoast.com\/wordpress\/plugins\/seo\/ -->\n<title>Visitar - Pal\u00e1cio de Santos<\/title>\n<meta name=\"robots\" content=\"index, follow, max-snippet:-1, max-image-preview:large, max-video-preview:-1\" \/>\n<link rel=\"canonical\" href=\"https:\/\/patrimonium.pt\/palaciosantos\/visitar\/\" \/>\n<meta property=\"og:locale\" content=\"pt_PT\" \/>\n<meta property=\"og:type\" content=\"article\" \/>\n<meta property=\"og:title\" content=\"Visitar - Pal\u00e1cio de Santos\" \/>\n<meta property=\"og:url\" content=\"https:\/\/patrimonium.pt\/palaciosantos\/visitar\/\" \/>\n<meta property=\"og:site_name\" content=\"Pal\u00e1cio de Santos\" \/>\n<meta property=\"article:modified_time\" content=\"2021-11-10T20:55:10+00:00\" \/>\n<meta name=\"twitter:card\" content=\"summary_large_image\" \/>\n<meta name=\"twitter:label1\" content=\"Tempo estimado de leitura\" \/>\n\t<meta name=\"twitter:data1\" content=\"2 minutos\" \/>\n<script type=\"application\/ld+json\" class=\"yoast-schema-graph\">{\"@context\":\"https:\/\/schema.org\",\"@graph\":[{\"@type\":\"WebSite\",\"@id\":\"https:\/\/patrimonium.pt\/palaciosantos\/#website\",\"url\":\"https:\/\/patrimonium.pt\/palaciosantos\/\",\"name\":\"Pal\\u00e1cio de Santos\",\"description\":\"Palais de Santos\",\"potentialAction\":[{\"@type\":\"SearchAction\",\"target\":{\"@type\":\"EntryPoint\",\"urlTemplate\":\"https:\/\/patrimonium.pt\/palaciosantos\/?s={search_term_string}\"},\"query-input\":\"required name=search_term_string\"}],\"inLanguage\":\"pt-PT\"},{\"@type\":\"WebPage\",\"@id\":\"https:\/\/patrimonium.pt\/palaciosantos\/visitar\/#webpage\",\"url\":\"https:\/\/patrimonium.pt\/palaciosantos\/visitar\/\",\"name\":\"Visitar - Pal\\u00e1cio de Santos\",\"isPartOf\":{\"@id\":\"https:\/\/patrimonium.pt\/palaciosantos\/#website\"},\"datePublished\":\"2020-08-20T12:50:58+00:00\",\"dateModified\":\"2021-11-10T20:55:10+00:00\",\"breadcrumb\":{\"@id\":\"https:\/\/patrimonium.pt\/palaciosantos\/visitar\/#breadcrumb\"},\"inLanguage\":\"pt-PT\",\"potentialAction\":[{\"@type\":\"ReadAction\",\"target\":[\"https:\/\/patrimonium.pt\/palaciosantos\/visitar\/\"]}]},{\"@type\":\"BreadcrumbList\",\"@id\":\"https:\/\/patrimonium.pt\/palaciosantos\/visitar\/#breadcrumb\",\"itemListElement\":[{\"@type\":\"ListItem\",\"position\":1,\"name\":\"Home\",\"item\":\"https:\/\/patrimonium.pt\/palaciosantos\/\"},{\"@type\":\"ListItem\",\"position\":2,\"name\":\"Visitar\"}]}]}<\/script>\n<!-- \/ Yoast SEO plugin. -->","yoast_head_json":{"title":"Visitar - Pal\u00e1cio de Santos","robots":{"index":"index","follow":"follow","max-snippet":"max-snippet:-1","max-image-preview":"max-image-preview:large","max-video-preview":"max-video-preview:-1"},"canonical":"https:\/\/patrimonium.pt\/palaciosantos\/visitar\/","og_locale":"pt_PT","og_type":"article","og_title":"Visitar - Pal\u00e1cio de Santos","og_url":"https:\/\/patrimonium.pt\/palaciosantos\/visitar\/","og_site_name":"Pal\u00e1cio de Santos","article_modified_time":"2021-11-10T20:55:10+00:00","twitter_card":"summary_large_image","twitter_misc":{"Tempo estimado de leitura":"2 minutos"},"schema":{"@context":"https:\/\/schema.org","@graph":[{"@type":"WebSite","@id":"https:\/\/patrimonium.pt\/palaciosantos\/#website","url":"https:\/\/patrimonium.pt\/palaciosantos\/","name":"Pal\u00e1cio de Santos","description":"Palais de Santos","potentialAction":[{"@type":"SearchAction","target":{"@type":"EntryPoint","urlTemplate":"https:\/\/patrimonium.pt\/palaciosantos\/?s={search_term_string}"},"query-input":"required name=search_term_string"}],"inLanguage":"pt-PT"},{"@type":"WebPage","@id":"https:\/\/patrimonium.pt\/palaciosantos\/visitar\/#webpage","url":"https:\/\/patrimonium.pt\/palaciosantos\/visitar\/","name":"Visitar - Pal\u00e1cio de Santos","isPartOf":{"@id":"https:\/\/patrimonium.pt\/palaciosantos\/#website"},"datePublished":"2020-08-20T12:50:58+00:00","dateModified":"2021-11-10T20:55:10+00:00","breadcrumb":{"@id":"https:\/\/patrimonium.pt\/palaciosantos\/visitar\/#breadcrumb"},"inLanguage":"pt-PT","potentialAction":[{"@type":"ReadAction","target":["https:\/\/patrimonium.pt\/palaciosantos\/visitar\/"]}]},{"@type":"BreadcrumbList","@id":"https:\/\/patrimonium.pt\/palaciosantos\/visitar\/#breadcrumb","itemListElement":[{"@type":"ListItem","position":1,"name":"Home","item":"https:\/\/patrimonium.pt\/palaciosantos\/"},{"@type":"ListItem","position":2,"name":"Visitar"}]}]}},"_links":{"self":[{"href":"https:\/\/patrimonium.pt\/palaciosantos\/wp-json\/wp\/v2\/pages\/15057"}],"collection":[{"href":"https:\/\/patrimonium.pt\/palaciosantos\/wp-json\/wp\/v2\/pages"}],"about":[{"href":"https:\/\/patrimonium.pt\/palaciosantos\/wp-json\/wp\/v2\/types\/page"}],"author":[{"embeddable":true,"href":"https:\/\/patrimonium.pt\/palaciosantos\/wp-json\/wp\/v2\/users\/1"}],"replies":[{"embeddable":true,"href":"https:\/\/patrimonium.pt\/palaciosantos\/wp-json\/wp\/v2\/comments?post=15057"}],"version-history":[{"count":16,"href":"https:\/\/patrimonium.pt\/palaciosantos\/wp-json\/wp\/v2\/pages\/15057\/revisions"}],"predecessor-version":[{"id":15325,"href":"https:\/\/patrimonium.pt\/palaciosantos\/wp-json\/wp\/v2\/pages\/15057\/revisions\/15325"}],"wp:attachment":[{"href":"https:\/\/patrimonium.pt\/palaciosantos\/wp-json\/wp\/v2\/media?parent=15057"}],"curies":[{"name":"wp","href":"https:\/\/api.w.org\/{rel}","templated":true}]}}